{"id":760,"date":"2020-11-19T19:32:39","date_gmt":"2020-11-19T18:32:39","guid":{"rendered":"https:\/\/plajner.cz\/?page_id=760"},"modified":"2020-12-14T11:30:07","modified_gmt":"2020-12-14T10:30:07","slug":"informace-pro-spotrebitele","status":"publish","type":"page","link":"https:\/\/plajner.cz\/en\/informace-pro-spotrebitele\/","title":{"rendered":"Informace pro spot\u0159ebitele"},"content":{"rendered":"<div data-elementor-type=\"wp-page\" data-elementor-id=\"760\" class=\"elementor elementor-760\" data-elementor-settings=\"[]\">\n\t\t\t\t\t\t<div class=\"elementor-inner\">\n\t\t\t\t\t\t\t<div class=\"elementor-section-wrap\">\n\t\t\t\t\t\t\t<section class=\"elementor-section elementor-top-section elementor-element elementor-element-15c94ee elementor-section-height-min-height elementor-section-boxed elementor-section-height-default elementor-section-items-middle\" data-id=\"15c94ee\" data-element_type=\"section\">\n\t\t\t\t\t\t<div class=\"elementor-container elementor-column-gap-default\">\n\t\t\t\t\t\t\t<div class=\"elementor-row\">\n\t\t\t\t\t<div class=\"elementor-column elementor-col-100 elementor-top-column elementor-element elementor-element-f0ec935\" data-id=\"f0ec935\" data-element_type=\"column\">\n\t\t\t<div class=\"elementor-column-wrap elementor-element-populated\">\n\t\t\t\t\t\t\t<div class=\"elementor-widget-wrap\">\n\t\t\t\t\t\t<div class=\"elementor-element elementor-element-d79b526 elementor-widget elementor-widget-text-editor\" data-id=\"d79b526\" data-element_type=\"widget\" data-widget_type=\"text-editor.default\">\n\t\t\t\t<div class=\"elementor-widget-container\">\n\t\t\t\t\t<div class=\"elementor-text-editor elementor-clearfix\"><p class=\"p1\"><span class=\"s1\">\u010cesk\u00e1 advok\u00e1tn\u00ed komora byla dne 5.2.2016 pov\u011b\u0159ena Ministerstvem pr\u016fmyslu a obchodu \u010cR mimosoudn\u00edm \u0159e\u0161en\u00edm spot\u0159ebitelsk\u00fdch spor\u016f pro oblast spor\u016f mezi advok\u00e1tem a spot\u0159ebitelem ze Smluv o poskytov\u00e1n\u00ed pr\u00e1vn\u00edch slu\u017eeb (na z\u00e1klad\u011b z\u00e1kona \u010d. 634\/1992 Sb., o ochran\u011b spot\u0159ebitele ve zn\u011bn\u00ed pozd\u011bj\u0161\u00edch p\u0159edpis\u016f). Internetov\u00e1 str\u00e1nka tohoto pov\u011b\u0159en\u00e9ho subjektu je <a href=\"http:\/\/www.cak.cz\"><span class=\"s2\">www.cak.cz<\/span><\/a>.<\/span><\/p><\/div>\n\t\t\t\t<\/div>\n\t\t\t\t<\/div>\n\t\t\t\t\t\t<\/div>\n\t\t\t\t\t<\/div>\n\t\t<\/div>\n\t\t\t\t\t\t\t\t<\/div>\n\t\t\t\t\t<\/div>\n\t\t<\/section>\n\t\t\t\t<section class=\"elementor-section elementor-top-section elementor-element elementor-element-2df3401 elementor-section-full_width elementor-section-height-default elementor-section-height-default\" data-id=\"2df3401\" data-element_type=\"section\" data-settings=\"{&quot;background_background&quot;:&quot;classic&quot;}\">\n\t\t\t\t\t\t<div class=\"elementor-container elementor-column-gap-default\">\n\t\t\t\t\t\t\t<div class=\"elementor-row\">\n\t\t\t\t\t<div class=\"elementor-column elementor-col-100 elementor-top-column elementor-element elementor-element-d84cfa0\" data-id=\"d84cfa0\" data-element_type=\"column\">\n\t\t\t<div class=\"elementor-column-wrap elementor-element-populated\">\n\t\t\t\t\t\t\t<div class=\"elementor-widget-wrap\">\n\t\t\t\t\t\t<section class=\"elementor-section elementor-inner-section elementor-element elementor-element-544d774 elementor-section-boxed elementor-section-height-default elementor-section-height-default\" data-id=\"544d774\" data-element_type=\"section\">\n\t\t\t\t\t\t<div class=\"elementor-container elementor-column-gap-default\">\n\t\t\t\t\t\t\t<div class=\"elementor-row\">\n\t\t\t\t\t<div class=\"elementor-column elementor-col-50 elementor-inner-column elementor-element elementor-element-8006c61\" data-id=\"8006c61\" data-element_type=\"column\">\n\t\t\t<div class=\"elementor-column-wrap elementor-element-populated\">\n\t\t\t\t\t\t\t<div class=\"elementor-widget-wrap\">\n\t\t\t\t\t\t<div class=\"elementor-element elementor-element-a51a6ee elementor-widget elementor-widget-heading\" data-id=\"a51a6ee\" data-element_type=\"widget\" data-settings=\"{&quot;_animation&quot;:&quot;none&quot;}\" data-widget_type=\"heading.default\">\n\t\t\t\t<div class=\"elementor-widget-container\">\n\t\t\t<h2 class=\"elementor-heading-title elementor-size-default\">Kontaktujte n\u00e1s<\/h2>\t\t<\/div>\n\t\t\t\t<\/div>\n\t\t\t\t<div class=\"elementor-element elementor-element-2884181 elementor-widget-divider--view-line elementor-invisible elementor-widget elementor-widget-divider\" data-id=\"2884181\" data-element_type=\"widget\" data-settings=\"{&quot;_animation&quot;:&quot;fadeInLeft&quot;}\" data-widget_type=\"divider.default\">\n\t\t\t\t<div class=\"elementor-widget-container\">\n\t\t\t\t\t<div class=\"elementor-divider\">\n\t\t\t<span class=\"elementor-divider-separator\">\n\t\t\t\t\t\t<\/span>\n\t\t<\/div>\n\t\t\t\t<\/div>\n\t\t\t\t<\/div>\n\t\t\t\t<div class=\"elementor-element elementor-element-7a0fabe elementor-position-left elementor-view-default elementor-vertical-align-top elementor-widget elementor-widget-icon-box\" data-id=\"7a0fabe\" data-element_type=\"widget\" data-widget_type=\"icon-box.default\">\n\t\t\t\t<div class=\"elementor-widget-container\">\n\t\t\t\t\t<div class=\"elementor-icon-box-wrapper\">\n\t\t\t\t\t\t<div class=\"elementor-icon-box-icon\">\n\t\t\t\t<span class=\"elementor-icon elementor-animation-\" >\n\t\t\t\t<svg xmlns=\"http:\/\/www.w3.org\/2000\/svg\" xmlns:xlink=\"http:\/\/www.w3.org\/1999\/xlink\" id=\"Capa_1\" x=\"0px\" y=\"0px\" viewbox=\"0 0 217.109 217.109\" style=\"enable-background:new 0 0 217.109 217.109;\" xml:space=\"preserve\">\n<g>\n\t<path d=\"M108.552,0C62.42,0,24.89,37.535,24.89,83.672c0,32.967,13.802,66.314,39.914,96.437   c19.503,22.499,38.831,35.246,39.645,35.778c1.246,0.815,2.675,1.222,4.104,1.222c1.428,0,2.857-0.407,4.104-1.222   c0.813-0.532,20.144-13.279,39.647-35.777c26.114-30.124,39.917-63.471,39.917-96.438C192.22,37.535,154.686,0,108.552,0z    M108.552,200.4C93.165,188.934,39.89,144.806,39.89,83.672C39.89,45.806,70.691,15,108.552,15   c37.864,0,68.668,30.806,68.668,68.672C177.22,144.806,123.94,188.934,108.552,200.4z\"><\/path>\n\t<path d=\"M108.557,50.449c-18.31,0-33.206,14.897-33.206,33.209c0,18.307,14.896,33.201,33.206,33.201   c18.31,0,33.205-14.894,33.205-33.201C141.762,65.347,126.866,50.449,108.557,50.449z M108.557,101.859   c-10.039,0-18.206-8.165-18.206-18.201c0-10.041,8.167-18.209,18.206-18.209c10.038,0,18.205,8.168,18.205,18.209   C126.762,93.694,118.595,101.859,108.557,101.859z\"><\/path>\n<\/g>\n<g>\n<\/g>\n<g>\n<\/g>\n<g>\n<\/g>\n<g>\n<\/g>\n<g>\n<\/g>\n<g>\n<\/g>\n<g>\n<\/g>\n<g>\n<\/g>\n<g>\n<\/g>\n<g>\n<\/g>\n<g>\n<\/g>\n<g>\n<\/g>\n<g>\n<\/g>\n<g>\n<\/g>\n<g>\n<\/g>\n<\/svg>\t\t\t\t<\/span>\n\t\t\t<\/div>\n\t\t\t\t\t\t<div class=\"elementor-icon-box-content\">\n\t\t\t\t<h3 class=\"elementor-icon-box-title\">\n\t\t\t\t\t<span ><\/span>\n\t\t\t\t<\/h3>\n\t\t\t\t\t\t\t\t<p class=\"elementor-icon-box-description\">Advok\u00e1tn\u00ed kancel\u00e1\u0159 Plajner a partne\u0159i s.r.o.\n<br>Lazarsk\u00e1 11\/6\n<br>Nov\u00e9 M\u011bsto, 120 00 Praha<br>\n<br>Provozn\u00ed doba Po - P\u00e1 9:00 - 17:30 <\/p>\n\t\t\t\t\t\t\t<\/div>\n\t\t<\/div>\n\t\t\t\t<\/div>\n\t\t\t\t<\/div>\n\t\t\t\t<div class=\"elementor-element elementor-element-9ac9fd9 elementor-position-left elementor-vertical-align-middle elementor-view-default elementor-widget elementor-widget-icon-box\" data-id=\"9ac9fd9\" data-element_type=\"widget\" data-widget_type=\"icon-box.default\">\n\t\t\t\t<div class=\"elementor-widget-container\">\n\t\t\t\t\t<div class=\"elementor-icon-box-wrapper\">\n\t\t\t\t\t\t<div class=\"elementor-icon-box-icon\">\n\t\t\t\t<span class=\"elementor-icon elementor-animation-\" >\n\t\t\t\t<svg xmlns=\"http:\/\/www.w3.org\/2000\/svg\" xmlns:xlink=\"http:\/\/www.w3.org\/1999\/xlink\" id=\"Capa_1\" x=\"0px\" y=\"0px\" viewbox=\"0 0 211.621 211.621\" style=\"enable-background:new 0 0 211.621 211.621;\" xml:space=\"preserve\">\n<g>\n\t<path d=\"M180.948,27.722C163.07,9.844,139.299-0.001,114.017,0c-4.143,0-7.5,3.358-7.5,7.5c0,4.142,3.358,7.5,7.5,7.5   c21.276-0.001,41.279,8.284,56.324,23.329c15.046,15.045,23.331,35.049,23.33,56.326c0,4.142,3.357,7.5,7.5,7.5   c4.142,0,7.5-3.358,7.5-7.499C208.672,69.371,198.827,45.6,180.948,27.722z\"><\/path>\n\t<path d=\"M150.096,94.656c0,4.142,3.358,7.5,7.501,7.499c4.142,0,7.499-3.358,7.499-7.5c-0.002-28.16-22.916-51.073-51.078-51.077   c-0.001,0,0,0-0.001,0c-4.142,0-7.499,3.357-7.5,7.499c0,4.142,3.357,7.5,7.499,7.501   C133.909,58.581,150.094,74.765,150.096,94.656z\"><\/path>\n\t<path d=\"M133.5,132.896c-11.432-0.592-17.256,7.91-20.049,11.994c-2.339,3.419-1.463,8.086,1.956,10.425   c3.419,2.339,8.086,1.463,10.425-1.956c3.3-4.825,4.795-5.584,6.823-5.488c6.491,0.763,32.056,19.497,34.616,25.355   c0.642,1.725,0.618,3.416-0.071,5.473c-2.684,7.966-7.127,13.564-12.851,16.188c-5.438,2.493-12.105,2.267-19.276-0.651   c-26.777-10.914-50.171-26.145-69.531-45.271c-0.008-0.008-0.016-0.015-0.023-0.023c-19.086-19.341-34.289-42.705-45.185-69.441   c-2.919-7.177-3.145-13.845-0.652-19.282c2.624-5.724,8.222-10.167,16.181-12.848c2.064-0.692,3.752-0.714,5.461-0.078   c5.879,2.569,24.612,28.133,25.368,34.551c0.108,2.104-0.657,3.598-5.478,6.892c-3.42,2.336-4.299,7.003-1.962,10.423   c2.336,3.42,7.002,4.298,10.423,1.962c4.086-2.79,12.586-8.598,11.996-20.069C81.021,69.07,57.713,37.339,46.576,33.244   c-4.953-1.846-10.163-1.878-15.491-0.09C19.097,37.191,10.439,44.389,6.047,53.969c-4.26,9.294-4.125,20.077,0.395,31.189   c11.661,28.612,27.976,53.647,48.491,74.412c0.05,0.051,0.101,0.101,0.153,0.15c20.75,20.477,45.756,36.762,74.33,48.409   c5.722,2.327,11.357,3.492,16.746,3.492c5.074,0,9.932-1.032,14.438-3.098c9.581-4.391,16.778-13.048,20.818-25.044   c1.784-5.318,1.755-10.526-0.077-15.456C177.232,156.856,145.501,133.548,133.5,132.896z\"><\/path>\n<\/g>\n<g>\n<\/g>\n<g>\n<\/g>\n<g>\n<\/g>\n<g>\n<\/g>\n<g>\n<\/g>\n<g>\n<\/g>\n<g>\n<\/g>\n<g>\n<\/g>\n<g>\n<\/g>\n<g>\n<\/g>\n<g>\n<\/g>\n<g>\n<\/g>\n<g>\n<\/g>\n<g>\n<\/g>\n<g>\n<\/g>\n<\/svg>\t\t\t\t<\/span>\n\t\t\t<\/div>\n\t\t\t\t\t\t<div class=\"elementor-icon-box-content\">\n\t\t\t\t<h3 class=\"elementor-icon-box-title\">\n\t\t\t\t\t<span ><\/span>\n\t\t\t\t<\/h3>\n\t\t\t\t\t\t\t\t<p class=\"elementor-icon-box-description\">+420 220 960 530<\/p>\n\t\t\t\t\t\t\t<\/div>\n\t\t<\/div>\n\t\t\t\t<\/div>\n\t\t\t\t<\/div>\n\t\t\t\t<div class=\"elementor-element elementor-element-12366be elementor-position-left elementor-vertical-align-middle elementor-view-default elementor-widget elementor-widget-icon-box\" data-id=\"12366be\" data-element_type=\"widget\" data-widget_type=\"icon-box.default\">\n\t\t\t\t<div class=\"elementor-widget-container\">\n\t\t\t\t\t<div class=\"elementor-icon-box-wrapper\">\n\t\t\t\t\t\t<div class=\"elementor-icon-box-icon\">\n\t\t\t\t<a class=\"elementor-icon elementor-animation-\" href=\"mailto:office@plajner.cz\">\n\t\t\t\t<svg xmlns=\"http:\/\/www.w3.org\/2000\/svg\" xmlns:xlink=\"http:\/\/www.w3.org\/1999\/xlink\" id=\"Capa_1\" x=\"0px\" y=\"0px\" viewbox=\"0 0 241.061 241.061\" style=\"enable-background:new 0 0 241.061 241.061;\" xml:space=\"preserve\">\n<g>\n\t<path d=\"M198.602,70.402l-78.063,68.789l-78.08-68.79c-3.109-2.739-7.848-2.438-10.586,0.669c-2.737,3.108-2.439,7.847,0.67,10.586   l83.039,73.159c1.417,1.248,3.188,1.872,4.958,1.872s3.542-0.624,4.959-1.873l83.022-73.159c3.107-2.738,3.406-7.478,0.668-10.586   C206.449,67.964,201.711,67.664,198.602,70.402z\"><\/path>\n\t<path d=\"M218.561,38.529H22.5c-12.406,0-22.5,10.093-22.5,22.5v119.002c0,12.407,10.094,22.5,22.5,22.5h196.061   c12.406,0,22.5-10.093,22.5-22.5V61.029C241.061,48.623,230.967,38.529,218.561,38.529z M226.061,180.031   c0,4.135-3.364,7.5-7.5,7.5H22.5c-4.136,0-7.5-3.365-7.5-7.5V61.029c0-4.135,3.364-7.5,7.5-7.5h196.061c4.136,0,7.5,3.365,7.5,7.5   V180.031z\"><\/path>\n<\/g>\n<g>\n<\/g>\n<g>\n<\/g>\n<g>\n<\/g>\n<g>\n<\/g>\n<g>\n<\/g>\n<g>\n<\/g>\n<g>\n<\/g>\n<g>\n<\/g>\n<g>\n<\/g>\n<g>\n<\/g>\n<g>\n<\/g>\n<g>\n<\/g>\n<g>\n<\/g>\n<g>\n<\/g>\n<g>\n<\/g>\n<\/svg>\t\t\t\t<\/a>\n\t\t\t<\/div>\n\t\t\t\t\t\t<div class=\"elementor-icon-box-content\">\n\t\t\t\t<h3 class=\"elementor-icon-box-title\">\n\t\t\t\t\t<a href=\"mailto:office@plajner.cz\"><\/a>\n\t\t\t\t<\/h3>\n\t\t\t\t\t\t\t\t<p class=\"elementor-icon-box-description\"><a href=\"mailto:office@plajner.cz\" style=\"color: white;\">office@plajner.cz <\/a><\/p>\n\t\t\t\t\t\t\t<\/div>\n\t\t<\/div>\n\t\t\t\t<\/div>\n\t\t\t\t<\/div>\n\t\t\t\t\t\t<\/div>\n\t\t\t\t\t<\/div>\n\t\t<\/div>\n\t\t\t\t<div class=\"elementor-column elementor-col-50 elementor-inner-column elementor-element elementor-element-81a7b61\" data-id=\"81a7b61\" data-element_type=\"column\">\n\t\t\t<div class=\"elementor-column-wrap elementor-element-populated\">\n\t\t\t\t\t\t\t<div class=\"elementor-widget-wrap\">\n\t\t\t\t\t\t<div class=\"elementor-element elementor-element-e29e4ce elementor-button-align-start elementor-widget elementor-widget-form\" data-id=\"e29e4ce\" data-element_type=\"widget\" data-settings=\"{&quot;step_next_label&quot;:&quot;Next&quot;,&quot;step_previous_label&quot;:&quot;Previous&quot;,&quot;button_width&quot;:&quot;100&quot;,&quot;step_type&quot;:&quot;number_text&quot;,&quot;step_icon_shape&quot;:&quot;circle&quot;}\" data-widget_type=\"form.default\">\n\t\t\t\t<div class=\"elementor-widget-container\">\n\t\t\t\t\t<form class=\"elementor-form\" method=\"post\" name=\"Main form\" action=\"\">\n\t\t\t<input type=\"hidden\" name=\"post_id\" value=\"760\"\/>\n\t\t\t<input type=\"hidden\" name=\"form_id\" value=\"e29e4ce\"\/>\n\t\t\t<input type=\"hidden\" name=\"referer_title\" value=\"\" \/>\n\n\t\t\t\n\t\t\t<div class=\"elementor-form-fields-wrapper elementor-labels-above\">\n\t\t\t\t\t\t\t\t<div class=\"elementor-field-type-text elementor-field-group elementor-column elementor-field-group-name elementor-col-100\">\n\t\t\t\t\t<label for=\"form-field-name\" class=\"elementor-field-label\">Va\u0161e jm\u00e9no a p\u0159\u00edjmen\u00ed<\/label><input size=\"1\" type=\"text\" name=\"form_fields[name]\" id=\"form-field-name\" class=\"elementor-field elementor-size-sm  elementor-field-textual\">\t\t\t\t<\/div>\n\t\t\t\t\t\t\t\t<div class=\"elementor-field-type-email elementor-field-group elementor-column elementor-field-group-email elementor-col-100 elementor-field-required\">\n\t\t\t\t\t<label for=\"form-field-email\" class=\"elementor-field-label\">Email<\/label><input size=\"1\" type=\"email\" name=\"form_fields[email]\" id=\"form-field-email\" class=\"elementor-field elementor-size-sm  elementor-field-textual\" required=\"required\" aria-required=\"true\">\t\t\t\t<\/div>\n\t\t\t\t\t\t\t\t<div class=\"elementor-field-type-tel elementor-field-group elementor-column elementor-field-group-field_84143bb elementor-col-100\">\n\t\t\t\t\t<label for=\"form-field-field_84143bb\" class=\"elementor-field-label\">Telefon (voliteln\u011b)<\/label><input size=\"1\" type=\"tel\" name=\"form_fields[field_84143bb]\" id=\"form-field-field_84143bb\" class=\"elementor-field elementor-size-sm  elementor-field-textual\" pattern=\"[0-9()#&amp;+*-=.]+\" title=\"Only numbers and phone characters (#, -, *, etc) are accepted.\">\t\t\t\t<\/div>\n\t\t\t\t\t\t\t\t<div class=\"elementor-field-type-textarea elementor-field-group elementor-column elementor-field-group-message elementor-col-100\">\n\t\t\t\t\t<label for=\"form-field-message\" class=\"elementor-field-label\">Va\u0161e zpr\u00e1va<\/label><textarea class=\"elementor-field-textual elementor-field  elementor-size-sm\" name=\"form_fields[message]\" id=\"form-field-message\" rows=\"4\"><\/textarea>\t\t\t\t<\/div>\n\t\t\t\t\t\t\t\t<div class=\"elementor-field-group elementor-column elementor-field-type-submit elementor-col-100 e-form__buttons\">\n\t\t\t\t\t<button type=\"submit\" class=\"elementor-button elementor-size-md\">\n\t\t\t\t\t\t<span >\n\t\t\t\t\t\t\t\t\t\t\t\t\t\t\t<span class=\"elementor-button-icon\">\n\t\t\t\t\t\t\t\t\t\t\t\t\t\t\t\t\t\t\t\t\t\t\t\t\t\t<\/span>\n\t\t\t\t\t\t\t\t\t\t\t\t\t\t\t\t\t\t\t\t\t\t<span class=\"elementor-button-text\">ODESLAT<\/span>\n\t\t\t\t\t\t\t\t\t\t\t\t\t<\/span>\n\t\t\t\t\t<\/button>\n\t\t\t\t<\/div>\n\t\t\t<\/div>\n\t\t<input type=\"hidden\" name=\"trp-form-language\" value=\"en\"\/><\/form>\n\t\t\t\t<\/div>\n\t\t\t\t<\/div>\n\t\t\t\t\t\t<\/div>\n\t\t\t\t\t<\/div>\n\t\t<\/div>\n\t\t\t\t\t\t\t\t<\/div>\n\t\t\t\t\t<\/div>\n\t\t<\/section>\n\t\t\t\t<div class=\"elementor-element elementor-element-ea68ab1 elementor-widget elementor-widget-google_maps\" data-id=\"ea68ab1\" data-element_type=\"widget\" data-widget_type=\"google_maps.default\">\n\t\t\t\t<div class=\"elementor-widget-container\">\n\t\t\t<div class=\"elementor-custom-embed\"><iframe frameborder=\"0\" scrolling=\"no\" marginheight=\"0\" marginwidth=\"0\" src=\"https:\/\/maps.google.com\/maps?q=Lazarsk%C3%A1%2011&amp;t=m&amp;z=14&amp;output=embed&amp;iwloc=near\" title=\"Lazarsk\u00e1 11\" aria-label=\"Lazarsk\u00e1 11\"><\/iframe><\/div>\t\t<\/div>\n\t\t\t\t<\/div>\n\t\t\t\t\t\t<\/div>\n\t\t\t\t\t<\/div>\n\t\t<\/div>\n\t\t\t\t\t\t\t\t<\/div>\n\t\t\t\t\t<\/div>\n\t\t<\/section>\n\t\t\t\t\t\t<\/div>\n\t\t\t\t\t\t<\/div>\n\t\t\t\t\t<\/div>","protected":false},"excerpt":{"rendered":"<p>\u010cesk\u00e1 advok\u00e1tn\u00ed komora byla dne 5.2.2016 pov\u011b\u0159ena Ministerstvem pr\u016fmyslu a obchodu \u010cR mimosoudn\u00edm \u0159e\u0161en\u00edm spot\u0159ebitelsk\u00fdch spor\u016f pro oblast spor\u016f mezi advok\u00e1tem a spot\u0159ebitelem ze Smluv o poskytov\u00e1n\u00ed pr\u00e1vn\u00edch slu\u017eeb (na z\u00e1klad\u011b z\u00e1kona \u010d. 634\/1992 Sb., o ochran\u011b spot\u0159ebitele ve zn\u011bn\u00ed pozd\u011bj\u0161\u00edch p\u0159edpis\u016f). Internetov\u00e1 str\u00e1nka tohoto pov\u011b\u0159en\u00e9ho subjektu je www.cak.cz. Kontaktujte n\u00e1s Advok\u00e1tn\u00ed kancel\u00e1\u0159 Plajner a [&hellip;]<\/p>","protected":false},"author":1,"featured_media":0,"parent":0,"menu_order":7,"comment_status":"closed","ping_status":"closed","template":"elementor_header_footer","meta":{"footnotes":""},"aioseo_notices":[],"_links":{"self":[{"href":"https:\/\/plajner.cz\/en\/wp-json\/wp\/v2\/pages\/760"}],"collection":[{"href":"https:\/\/plajner.cz\/en\/wp-json\/wp\/v2\/pages"}],"about":[{"href":"https:\/\/plajner.cz\/en\/wp-json\/wp\/v2\/types\/page"}],"author":[{"embeddable":true,"href":"https:\/\/plajner.cz\/en\/wp-json\/wp\/v2\/users\/1"}],"replies":[{"embeddable":true,"href":"https:\/\/plajner.cz\/en\/wp-json\/wp\/v2\/comments?post=760"}],"version-history":[{"count":15,"href":"https:\/\/plajner.cz\/en\/wp-json\/wp\/v2\/pages\/760\/revisions"}],"predecessor-version":[{"id":864,"href":"https:\/\/plajner.cz\/en\/wp-json\/wp\/v2\/pages\/760\/revisions\/864"}],"wp:attachment":[{"href":"https:\/\/plajner.cz\/en\/wp-json\/wp\/v2\/media?parent=760"}],"curies":[{"name":"wp","href":"https:\/\/api.w.org\/{rel}","templated":true}]}}