{"id":528,"date":"2020-08-07T15:04:14","date_gmt":"2020-08-07T13:04:14","guid":{"rendered":"https:\/\/showcase1.better-hotel.com\/?page_id=528"},"modified":"2020-12-09T10:39:29","modified_gmt":"2020-12-09T09:39:29","slug":"marek-plajner","status":"publish","type":"page","link":"https:\/\/plajner.cz\/en\/marek-plajner\/","title":{"rendered":"Marek Plajner"},"content":{"rendered":"<div data-elementor-type=\"wp-page\" data-elementor-id=\"528\" class=\"elementor elementor-528\" data-elementor-settings=\"[]\">\n\t\t\t\t\t\t<div class=\"elementor-inner\">\n\t\t\t\t\t\t\t<div class=\"elementor-section-wrap\">\n\t\t\t\t\t\t\t<section class=\"elementor-section elementor-top-section elementor-element elementor-element-26030f2 elementor-section-boxed elementor-section-height-default elementor-section-height-default\" data-id=\"26030f2\" data-element_type=\"section\">\n\t\t\t\t\t\t<div class=\"elementor-container elementor-column-gap-default\">\n\t\t\t\t\t\t\t<div class=\"elementor-row\">\n\t\t\t\t\t<div class=\"elementor-column elementor-col-33 elementor-top-column elementor-element elementor-element-144f4df\" data-id=\"144f4df\" data-element_type=\"column\">\n\t\t\t<div class=\"elementor-column-wrap elementor-element-populated\">\n\t\t\t\t\t\t\t<div class=\"elementor-widget-wrap\">\n\t\t\t\t\t\t<div class=\"elementor-element elementor-element-9e836d5 elementor-widget elementor-widget-image\" data-id=\"9e836d5\" data-element_type=\"widget\" data-widget_type=\"image.default\">\n\t\t\t\t<div class=\"elementor-widget-container\">\n\t\t\t\t\t<div class=\"elementor-image\">\n\t\t\t\t\t\t\t\t\t\t<img loading=\"lazy\" width=\"683\" height=\"1024\" src=\"https:\/\/plajner.cz\/wp-content\/uploads\/sites\/10\/2020\/05\/marek-plajner-full-683x1024.jpg\" class=\"attachment-large size-large\" alt=\"\" decoding=\"async\" srcset=\"https:\/\/plajner.cz\/wp-content\/uploads\/sites\/10\/2020\/05\/marek-plajner-full-683x1024.jpg 683w, https:\/\/plajner.cz\/wp-content\/uploads\/sites\/10\/2020\/05\/marek-plajner-full-200x300.jpg 200w, https:\/\/plajner.cz\/wp-content\/uploads\/sites\/10\/2020\/05\/marek-plajner-full-768x1152.jpg 768w, https:\/\/plajner.cz\/wp-content\/uploads\/sites\/10\/2020\/05\/marek-plajner-full-1024x1536.jpg 1024w, https:\/\/plajner.cz\/wp-content\/uploads\/sites\/10\/2020\/05\/marek-plajner-full.jpg 1320w\" sizes=\"(max-width: 683px) 100vw, 683px\" \/>\t\t\t\t\t\t\t\t\t\t\t<\/div>\n\t\t\t\t<\/div>\n\t\t\t\t<\/div>\n\t\t\t\t\t\t<\/div>\n\t\t\t\t\t<\/div>\n\t\t<\/div>\n\t\t\t\t<div class=\"elementor-column elementor-col-66 elementor-top-column elementor-element elementor-element-9f2ada2\" data-id=\"9f2ada2\" data-element_type=\"column\">\n\t\t\t<div class=\"elementor-column-wrap elementor-element-populated\">\n\t\t\t\t\t\t\t<div class=\"elementor-widget-wrap\">\n\t\t\t\t\t\t<div class=\"elementor-element elementor-element-fa9405f elementor-widget elementor-widget-heading\" data-id=\"fa9405f\" data-element_type=\"widget\" data-widget_type=\"heading.default\">\n\t\t\t\t<div class=\"elementor-widget-container\">\n\t\t\t<h1 class=\"elementor-heading-title elementor-size-default\">Marek Plajner<\/h1>\t\t<\/div>\n\t\t\t\t<\/div>\n\t\t\t\t<div class=\"elementor-element elementor-element-f7c26f2 elementor-widget elementor-widget-heading\" data-id=\"f7c26f2\" data-element_type=\"widget\" data-widget_type=\"heading.default\">\n\t\t\t\t<div class=\"elementor-widget-container\">\n\t\t\t<h2 class=\"elementor-heading-title elementor-size-default\">Partner<\/h2>\t\t<\/div>\n\t\t\t\t<\/div>\n\t\t\t\t<div class=\"elementor-element elementor-element-627240d elementor-widget elementor-widget-text-editor\" data-id=\"627240d\" data-element_type=\"widget\" data-widget_type=\"text-editor.default\">\n\t\t\t\t<div class=\"elementor-widget-container\">\n\t\t\t\t\t<div class=\"elementor-text-editor elementor-clearfix\"><p>\u201ePr\u00e1vu se v\u011bnuji u\u017e v\u00edce ne\u017e dvacet let, a p\u0159esto je to st\u00e1le moje \u017eivotn\u00ed v\u00e1\u0161e\u0148\u201c<\/p><\/div>\n\t\t\t\t<\/div>\n\t\t\t\t<\/div>\n\t\t\t\t<div class=\"elementor-element elementor-element-07f94d2 elementor-widget-divider--view-line elementor-widget elementor-widget-divider\" data-id=\"07f94d2\" data-element_type=\"widget\" data-widget_type=\"divider.default\">\n\t\t\t\t<div class=\"elementor-widget-container\">\n\t\t\t\t\t<div class=\"elementor-divider\">\n\t\t\t<span class=\"elementor-divider-separator\">\n\t\t\t\t\t\t<\/span>\n\t\t<\/div>\n\t\t\t\t<\/div>\n\t\t\t\t<\/div>\n\t\t\t\t<div class=\"elementor-element elementor-element-89abaf5 elementor-widget elementor-widget-text-editor\" data-id=\"89abaf5\" data-element_type=\"widget\" data-widget_type=\"text-editor.default\">\n\t\t\t\t<div class=\"elementor-widget-container\">\n\t\t\t\t\t<div class=\"elementor-text-editor elementor-clearfix\"><p>Marek absolvoval pr\u00e1vnickou fakultu Karlovy univerzity v Praze (2002, Mgr.) a ji\u017e za sv\u00fdch studi\u00ed p\u016fsobil v advok\u00e1tn\u00ed kancel\u00e1\u0159i. Ihned po ukon\u010den\u00ed studia se stal \u010dlenem \u010cesk\u00e9 advok\u00e1tn\u00ed komory. Jako advok\u00e1t p\u016fsob\u00ed od roku 2005\u00a0(ev. \u010d. \u010cAK 10888).<\/p><p>Po celou dobu se Marek specializuje p\u0159edev\u0161\u00edm na obchodn\u00ed a ob\u010dansk\u00e9 pr\u00e1vo, ale v\u011bnuje se rovn\u011b\u017e insolven\u010dn\u00edmu pr\u00e1vu, da\u0148ov\u00e9mu pr\u00e1vu, pr\u00e1vu sm\u011bne\u010dn\u00e9mu a \u0161ekov\u00e9mu, pr\u00e1vu hospod\u00e1\u0159sk\u00e9 sout\u011b\u017ee a v neposledn\u00ed \u0159ad\u011b t\u00e9\u017e trestn\u00edmu pr\u00e1vu. M\u00e1 dlouholet\u00e9 zku\u0161enosti se zastupov\u00e1n\u00edm klient\u016f p\u0159ed spr\u00e1vn\u00edmi \u00fa\u0159ady, soudy i org\u00e1ny \u010dinn\u00fdmi v trestn\u00edm \u0159\u00edzen\u00ed.<\/p><p>Marek p\u016fsobil \u010di p\u016fsob\u00ed jako pr\u00e1vn\u00ed poradce cel\u00e9 \u0159ady v\u00fdznamn\u00fdch tuzemsk\u00fdch i mezin\u00e1rodn\u00edch subjekt\u016f jako nap\u0159. CCS \u010cesk\u00e1 spole\u010dnost pro platebn\u00ed karty a.s., Siemens AG, SAZKA, a. s., Siemens Kolejov\u00e1 vozidla s.r.o., Severo\u010desk\u00e9 doly a. s., TECHNOEXPORT, a.s., Chemoprojekt, a.s. a \u0159ady dal\u0161\u00edch.<\/p><p>V oblasti ve\u0159ejn\u00e9ho sektoru poskytoval Marek pr\u00e1vn\u00ed poradenstv\u00ed mimo jin\u00e9 pro Hlavn\u00ed m\u011bsto Prahu, M\u011bstskou \u010d\u00e1st Praha 6, st\u00e1tn\u00ed podnik Lesy \u010cesk\u00e9 republiky, s. p., \u010ceskou exportn\u00ed banku, a. s. \u010di Ministerstvo pro m\u00edstn\u00ed rozvoj.<\/p><\/div>\n\t\t\t\t<\/div>\n\t\t\t\t<\/div>\n\t\t\t\t\t\t<\/div>\n\t\t\t\t\t<\/div>\n\t\t<\/div>\n\t\t\t\t\t\t\t\t<\/div>\n\t\t\t\t\t<\/div>\n\t\t<\/section>\n\t\t\t\t<section class=\"elementor-section elementor-top-section elementor-element elementor-element-439c450 elementor-section-boxed elementor-section-height-default elementor-section-height-default\" data-id=\"439c450\" data-element_type=\"section\">\n\t\t\t\t\t\t<div class=\"elementor-container elementor-column-gap-default\">\n\t\t\t\t\t\t\t<div class=\"elementor-row\">\n\t\t\t\t\t<div class=\"elementor-column elementor-col-100 elementor-top-column elementor-element elementor-element-042274b\" data-id=\"042274b\" data-element_type=\"column\">\n\t\t\t<div class=\"elementor-column-wrap elementor-element-populated\">\n\t\t\t\t\t\t\t<div class=\"elementor-widget-wrap\">\n\t\t\t\t\t\t<div class=\"elementor-element elementor-element-88994f9 elementor-widget elementor-widget-heading\" data-id=\"88994f9\" data-element_type=\"widget\" data-widget_type=\"heading.default\">\n\t\t\t\t<div class=\"elementor-widget-container\">\n\t\t\t<h2 class=\"elementor-heading-title elementor-size-default\">Markovy \u010dl\u00e1nky<\/h2>\t\t<\/div>\n\t\t\t\t<\/div>\n\t\t\t\t<div class=\"elementor-element elementor-element-6a486bc elementor-posts--thumbnail-top elementor-grid-3 elementor-grid-tablet-2 elementor-grid-mobile-1 elementor-widget elementor-widget-posts\" data-id=\"6a486bc\" data-element_type=\"widget\" data-settings=\"{&quot;custom_columns&quot;:&quot;3&quot;,&quot;custom_columns_tablet&quot;:&quot;2&quot;,&quot;custom_columns_mobile&quot;:&quot;1&quot;,&quot;custom_row_gap&quot;:{&quot;unit&quot;:&quot;px&quot;,&quot;size&quot;:35,&quot;sizes&quot;:[]}}\" data-widget_type=\"posts.custom\">\n\t\t\t\t<div class=\"elementor-widget-container\">\n\t\t\t      <div class=\"ecs-posts elementor-posts-container elementor-posts   elementor-grid elementor-posts--skin-custom\" data-settings=\"{&quot;current_page&quot;:1,&quot;max_num_pages&quot;:1,&quot;load_method&quot;:&quot;&quot;,&quot;widget_id&quot;:&quot;6a486bc&quot;,&quot;post_id&quot;:528,&quot;theme_id&quot;:528}\">\n      \t\t<article id=\"post-500\" class=\"elementor-post elementor-grid-item ecs-post-loop post-500 post type-post status-publish format-standard has-post-thumbnail hentry category-pravo-smenecne-a-sekove tag-pravo-smenecne-a-sekove\">\n\t\t<div class=\"ecs-link-wrapper\" data-href=\"https:\/\/plajner.cz\/en\/2020\/07\/29\/k-otazce-moznosti-plneni-smenecneho-dluhu-avalisty-prostrednictvim-komisionare\/\"   >\t\t<div data-elementor-type=\"loop\" data-elementor-id=\"110\" class=\"elementor elementor-110 post-500 post type-post status-publish format-standard has-post-thumbnail hentry category-pravo-smenecne-a-sekove tag-pravo-smenecne-a-sekove\" data-elementor-settings=\"[]\">\n\t\t<div class=\"elementor-section-wrap\">\n\t\t\t\t\t<section class=\"elementor-section elementor-top-section elementor-element elementor-element-359be78 elementor-section-height-min-height elementor-section-items-stretch elementor-section-boxed elementor-section-height-default\" data-id=\"359be78\" data-element_type=\"section\" data-settings=\"{&quot;background_background&quot;:&quot;classic&quot;}\">\n\t\t\t\t\t\t<div class=\"elementor-container elementor-column-gap-default\">\n\t\t\t\t\t\t\t<div class=\"elementor-row\">\n\t\t\t\t\t<div class=\"elementor-column elementor-col-100 elementor-top-column elementor-element elementor-element-d44632b\" data-id=\"d44632b\" data-element_type=\"column\">\n\t\t\t<div class=\"elementor-column-wrap elementor-element-populated\">\n\t\t\t\t\t\t\t<div class=\"elementor-widget-wrap\">\n\t\t\t\t<style>#post-500 .elementor-110 .elementor-element.elementor-element-8541426:not(.elementor-motion-effects-element-type-background), #post-500 .elementor-110 .elementor-element.elementor-element-8541426 > .elementor-motion-effects-container > .elementor-motion-effects-layer{background-image: url(\"https:\/\/plajner.cz\/wp-content\/uploads\/sites\/10\/2020\/07\/roman-synkevych-C4pwAAXbYJo-unsplash.jpg\");}<\/style>\t\t<section class=\"elementor-section elementor-inner-section elementor-element elementor-element-8541426 elementor-section-height-min-height elementor-section-boxed elementor-section-height-default\" data-id=\"8541426\" data-element_type=\"section\" data-settings=\"{&quot;background_background&quot;:&quot;classic&quot;}\">\n\t\t\t\t\t\t<div class=\"elementor-container elementor-column-gap-default\">\n\t\t\t\t\t\t\t<div class=\"elementor-row\">\n\t\t\t\t\t<div class=\"elementor-column elementor-col-100 elementor-inner-column elementor-element elementor-element-96ef461\" data-id=\"96ef461\" data-element_type=\"column\">\n\t\t\t<div class=\"elementor-column-wrap elementor-element-populated\">\n\t\t\t\t\t\t\t<div class=\"elementor-widget-wrap\">\n\t\t\t\t\t\t<div class=\"elementor-element elementor-element-097b4e6 elementor-widget__width-initial elementor-widget elementor-widget-heading\" data-id=\"097b4e6\" data-element_type=\"widget\" data-widget_type=\"heading.default\">\n\t\t\t\t<div class=\"elementor-widget-container\">\n\t\t\t<p class=\"elementor-heading-title elementor-size-default\"><a href=\"https:\/\/plajner.cz\/en\/category\/pravo-smenecne-a-sekove\/\" rel=\"tag\">Pr\u00e1vo sm\u011bne\u010dn\u00e9 a \u0161ekov\u00e9<\/a><\/p>\t\t<\/div>\n\t\t\t\t<\/div>\n\t\t\t\t\t\t<\/div>\n\t\t\t\t\t<\/div>\n\t\t<\/div>\n\t\t\t\t\t\t\t\t<\/div>\n\t\t\t\t\t<\/div>\n\t\t<\/section>\n\t\t\t\t<section class=\"elementor-section elementor-inner-section elementor-element elementor-element-550e4e3 elementor-section-height-min-height elementor-section-boxed elementor-section-height-default\" data-id=\"550e4e3\" data-element_type=\"section\">\n\t\t\t\t\t\t<div class=\"elementor-container elementor-column-gap-default\">\n\t\t\t\t\t\t\t<div class=\"elementor-row\">\n\t\t\t\t\t<div class=\"elementor-column elementor-col-100 elementor-inner-column elementor-element elementor-element-11eca33\" data-id=\"11eca33\" data-element_type=\"column\">\n\t\t\t<div class=\"elementor-column-wrap elementor-element-populated\">\n\t\t\t\t\t\t\t<div class=\"elementor-widget-wrap\">\n\t\t\t\t\t\t<div class=\"elementor-element elementor-element-d7d0812 elementor-widget elementor-widget-theme-post-title elementor-page-title elementor-widget-heading\" data-id=\"d7d0812\" data-element_type=\"widget\" data-widget_type=\"theme-post-title.default\">\n\t\t\t\t<div class=\"elementor-widget-container\">\n\t\t\t<h3 class=\"elementor-heading-title elementor-size-default\">K\u00a0ot\u00e1zce mo\u017enosti pln\u011bn\u00ed sm\u011bne\u010dn\u00e9ho dluhu avalisty prost\u0159ednictv\u00edm komision\u00e1\u0159e<\/h3>\t\t<\/div>\n\t\t\t\t<\/div>\n\t\t\t\t\t\t<\/div>\n\t\t\t\t\t<\/div>\n\t\t<\/div>\n\t\t\t\t\t\t\t\t<\/div>\n\t\t\t\t\t<\/div>\n\t\t<\/section>\n\t\t\t\t<div class=\"elementor-element elementor-element-9fabbb0 elementor-widget-divider--view-line elementor-widget elementor-widget-divider\" data-id=\"9fabbb0\" data-element_type=\"widget\" data-widget_type=\"divider.default\">\n\t\t\t\t<div class=\"elementor-widget-container\">\n\t\t\t\t\t<div class=\"elementor-divider\">\n\t\t\t<span class=\"elementor-divider-separator\">\n\t\t\t\t\t\t<\/span>\n\t\t<\/div>\n\t\t\t\t<\/div>\n\t\t\t\t<\/div>\n\t\t\t\t<section class=\"elementor-section elementor-inner-section elementor-element elementor-element-0dac78e elementor-section-boxed elementor-section-height-default elementor-section-height-default\" data-id=\"0dac78e\" data-element_type=\"section\">\n\t\t\t\t\t\t<div class=\"elementor-container elementor-column-gap-default\">\n\t\t\t\t\t\t\t<div class=\"elementor-row\">\n\t\t\t\t\t<div class=\"elementor-column elementor-col-100 elementor-inner-column elementor-element elementor-element-c825516\" data-id=\"c825516\" data-element_type=\"column\">\n\t\t\t<div class=\"elementor-column-wrap elementor-element-populated\">\n\t\t\t\t\t\t\t<div class=\"elementor-widget-wrap\">\n\t\t\t\t\t\t<div class=\"elementor-element elementor-element-27b6045 elementor-position-left elementor-vertical-align-middle elementor-widget elementor-widget-image-box\" data-id=\"27b6045\" data-element_type=\"widget\" data-widget_type=\"image-box.default\">\n\t\t\t\t<div class=\"elementor-widget-container\">\n\t\t\t<div class=\"elementor-image-box-wrapper\"><figure class=\"elementor-image-box-img\"><img loading=\"lazy\" width=\"768\" height=\"768\" src=\"https:\/\/plajner.cz\/wp-content\/uploads\/sites\/10\/2020\/05\/marek-plajner-768x768.jpg\" class=\"attachment-medium_large size-medium_large\" alt=\"\" decoding=\"async\" srcset=\"https:\/\/plajner.cz\/wp-content\/uploads\/sites\/10\/2020\/05\/marek-plajner-768x768.jpg 768w, https:\/\/plajner.cz\/wp-content\/uploads\/sites\/10\/2020\/05\/marek-plajner-300x300.jpg 300w, https:\/\/plajner.cz\/wp-content\/uploads\/sites\/10\/2020\/05\/marek-plajner-1024x1024.jpg 1024w, https:\/\/plajner.cz\/wp-content\/uploads\/sites\/10\/2020\/05\/marek-plajner-150x150.jpg 150w, https:\/\/plajner.cz\/wp-content\/uploads\/sites\/10\/2020\/05\/marek-plajner.jpg 1198w\" sizes=\"(max-width: 768px) 100vw, 768px\" \/><\/figure><div class=\"elementor-image-box-content\"><h4 class=\"elementor-image-box-title\">Marek Plajner<\/h4><\/div><\/div>\t\t<\/div>\n\t\t\t\t<\/div>\n\t\t\t\t\t\t<\/div>\n\t\t\t\t\t<\/div>\n\t\t<\/div>\n\t\t\t\t\t\t\t\t<\/div>\n\t\t\t\t\t<\/div>\n\t\t<\/section>\n\t\t\t\t\t\t<\/div>\n\t\t\t\t\t<\/div>\n\t\t<\/div>\n\t\t\t\t\t\t\t\t<\/div>\n\t\t\t\t\t<\/div>\n\t\t<\/section>\n\t\t\t\t<\/div>\n\t\t<\/div>\n\t\t<\/div>\t\t<\/article>\n\t\t\t\t<\/div>\n\t\t\t\t<\/div>\n\t\t\t\t<\/div>\n\t\t\t\t\t\t<\/div>\n\t\t\t\t\t<\/div>\n\t\t<\/div>\n\t\t\t\t\t\t\t\t<\/div>\n\t\t\t\t\t<\/div>\n\t\t<\/section>\n\t\t\t\t\t\t<\/div>\n\t\t\t\t\t\t<\/div>\n\t\t\t\t\t<\/div>","protected":false},"excerpt":{"rendered":"<p>Marek Plajner Partner \u201ePr\u00e1vu se v\u011bnuji u\u017e v\u00edce ne\u017e dvacet let, a p\u0159esto je to st\u00e1le moje \u017eivotn\u00ed v\u00e1\u0161e\u0148\u201c Marek absolvoval pr\u00e1vnickou fakultu Karlovy univerzity v Praze (2002, Mgr.) a ji\u017e za sv\u00fdch studi\u00ed p\u016fsobil v advok\u00e1tn\u00ed kancel\u00e1\u0159i. Ihned po ukon\u010den\u00ed studia se stal \u010dlenem \u010cesk\u00e9 advok\u00e1tn\u00ed komory. Jako advok\u00e1t p\u016fsob\u00ed od roku 2005\u00a0(ev. \u010d. [&hellip;]<\/p>","protected":false},"author":1,"featured_media":0,"parent":0,"menu_order":4,"comment_status":"closed","ping_status":"closed","template":"elementor_header_footer","meta":{"footnotes":""},"aioseo_notices":[],"_links":{"self":[{"href":"https:\/\/plajner.cz\/en\/wp-json\/wp\/v2\/pages\/528"}],"collection":[{"href":"https:\/\/plajner.cz\/en\/wp-json\/wp\/v2\/pages"}],"about":[{"href":"https:\/\/plajner.cz\/en\/wp-json\/wp\/v2\/types\/page"}],"author":[{"embeddable":true,"href":"https:\/\/plajner.cz\/en\/wp-json\/wp\/v2\/users\/1"}],"replies":[{"embeddable":true,"href":"https:\/\/plajner.cz\/en\/wp-json\/wp\/v2\/comments?post=528"}],"version-history":[{"count":13,"href":"https:\/\/plajner.cz\/en\/wp-json\/wp\/v2\/pages\/528\/revisions"}],"predecessor-version":[{"id":832,"href":"https:\/\/plajner.cz\/en\/wp-json\/wp\/v2\/pages\/528\/revisions\/832"}],"wp:attachment":[{"href":"https:\/\/plajner.cz\/en\/wp-json\/wp\/v2\/media?parent=528"}],"curies":[{"name":"wp","href":"https:\/\/api.w.org\/{rel}","templated":true}]}}